{"id":11,"date":"2020-10-24T14:45:16","date_gmt":"2020-10-24T12:45:16","guid":{"rendered":"http:\/\/aureliadoula.fr\/?page_id=11"},"modified":"2023-06-06T12:51:22","modified_gmt":"2023-06-06T10:51:22","slug":"a-propos","status":"publish","type":"page","link":"https:\/\/aureliadoula.fr\/index.php\/a-propos\/","title":{"rendered":"\u00c0 propos"},"content":{"rendered":"\t\t<div data-elementor-type=\"wp-page\" data-elementor-id=\"11\" class=\"elementor elementor-11\">\n\t\t\t\t\t\t<section class=\"elementor-section elementor-top-section elementor-element elementor-element-f850679 elementor-section-boxed elementor-section-height-default elementor-section-height-default\" data-id=\"f850679\" data-element_type=\"section\" data-e-type=\"section\">\n\t\t\t\t\t\t<div class=\"elementor-container elementor-column-gap-default\">\n\t\t\t\t\t<div class=\"elementor-column elementor-col-100 elementor-top-column elementor-element elementor-element-c03a6d3\" data-id=\"c03a6d3\" data-element_type=\"column\" data-e-type=\"column\">\n\t\t\t<div class=\"elementor-widget-wrap elementor-element-populated\">\n\t\t\t\t\t\t<div class=\"elementor-element elementor-element-0ab1248 elementor-widget elementor-widget-video\" data-id=\"0ab1248\" data-element_type=\"widget\" data-e-type=\"widget\" data-settings=\"{&quot;youtube_url&quot;:&quot;https:\\\/\\\/youtu.be\\\/gcB8OfOMib8&quot;,&quot;autoplay&quot;:&quot;yes&quot;,&quot;video_type&quot;:&quot;youtube&quot;,&quot;controls&quot;:&quot;yes&quot;}\" data-widget_type=\"video.default\">\n\t\t\t\t<div class=\"elementor-widget-container\">\n\t\t\t\t\t\t\t<div class=\"elementor-wrapper elementor-open-inline\">\n\t\t\t<div class=\"elementor-video\"><\/div>\t\t<\/div>\n\t\t\t\t\t\t<\/div>\n\t\t\t\t<\/div>\n\t\t\t\t\t<\/div>\n\t\t<\/div>\n\t\t\t\t\t<\/div>\n\t\t<\/section>\n\t\t\t\t<section class=\"elementor-section elementor-top-section elementor-element elementor-element-5269989 elementor-section-boxed elementor-section-height-default elementor-section-height-default\" data-id=\"5269989\" data-element_type=\"section\" data-e-type=\"section\">\n\t\t\t\t\t\t<div class=\"elementor-container elementor-column-gap-default\">\n\t\t\t\t\t<div class=\"elementor-column elementor-col-33 elementor-top-column elementor-element elementor-element-10d58b4\" data-id=\"10d58b4\" data-element_type=\"column\" data-e-type=\"column\">\n\t\t\t<div class=\"elementor-widget-wrap elementor-element-populated\">\n\t\t\t\t\t\t<div class=\"elementor-element elementor-element-63a58c8 elementor-widget elementor-widget-image\" data-id=\"63a58c8\" data-element_type=\"widget\" data-e-type=\"widget\" data-widget_type=\"image.default\">\n\t\t\t\t<div class=\"elementor-widget-container\">\n\t\t\t\t\t\t\t\t\t\t\t\t\t\t\t<img fetchpriority=\"high\" decoding=\"async\" width=\"533\" height=\"800\" src=\"https:\/\/aureliadoula.fr\/wp-content\/uploads\/2022\/10\/Copie-2-de-Copie-de-IMG_1780.jpg\" class=\"attachment-large size-large wp-image-1058\" alt=\"Aur\u00e9lia Doula 77 Seint-et-Marne\" srcset=\"https:\/\/aureliadoula.fr\/wp-content\/uploads\/2022\/10\/Copie-2-de-Copie-de-IMG_1780.jpg 533w, https:\/\/aureliadoula.fr\/wp-content\/uploads\/2022\/10\/Copie-2-de-Copie-de-IMG_1780-200x300.jpg 200w\" sizes=\"(max-width: 533px) 100vw, 533px\" \/>\t\t\t\t\t\t\t\t\t\t\t\t\t\t\t<\/div>\n\t\t\t\t<\/div>\n\t\t\t\t<div class=\"elementor-element elementor-element-e7969d2 elementor-widget elementor-widget-image-gallery\" data-id=\"e7969d2\" data-element_type=\"widget\" data-e-type=\"widget\" data-widget_type=\"image-gallery.default\">\n\t\t\t\t<div class=\"elementor-widget-container\">\n\t\t\t\t\t\t\t<div class=\"elementor-image-gallery\">\n\t\t\t<div id='gallery-1' class='gallery galleryid-11 gallery-columns-1 gallery-size-ashe-list-thumbnail'><figure class='gallery-item'>\n\t\t\t<div class='gallery-icon landscape'>\n\t\t\t\t<a data-elementor-open-lightbox=\"yes\" data-elementor-lightbox-slideshow=\"e7969d2\" data-elementor-lightbox-title=\"Aur\u00e9lia Doula Aur\u00e9 des bois\" data-e-action-hash=\"#elementor-action%3Aaction%3Dlightbox%26settings%3DeyJpZCI6MTM3NSwidXJsIjoiaHR0cHM6XC9cL2F1cmVsaWFkb3VsYS5mclwvd3AtY29udGVudFwvdXBsb2Fkc1wvMjAyM1wvMDZcL0lNRy0yMDIzMDQwOC1XQTAwMDQuanBnIiwic2xpZGVzaG93IjoiZTc5NjlkMiJ9\" href='https:\/\/aureliadoula.fr\/wp-content\/uploads\/2023\/06\/IMG-20230408-WA0004.jpg'><img decoding=\"async\" width=\"300\" height=\"300\" src=\"https:\/\/aureliadoula.fr\/wp-content\/uploads\/2023\/06\/IMG-20230408-WA0004-300x300.jpg\" class=\"attachment-ashe-list-thumbnail size-ashe-list-thumbnail\" alt=\"aur\u00e9 des bois aur\u00e9lia doula stand salon\" srcset=\"https:\/\/aureliadoula.fr\/wp-content\/uploads\/2023\/06\/IMG-20230408-WA0004-300x300.jpg 300w, https:\/\/aureliadoula.fr\/wp-content\/uploads\/2023\/06\/IMG-20230408-WA0004-150x150.jpg 150w, https:\/\/aureliadoula.fr\/wp-content\/uploads\/2023\/06\/IMG-20230408-WA0004-75x75.jpg 75w\" sizes=\"(max-width: 300px) 100vw, 300px\" \/><\/a>\n\t\t\t<\/div><\/figure><figure class='gallery-item'>\n\t\t\t<div class='gallery-icon portrait'>\n\t\t\t\t<a data-elementor-open-lightbox=\"yes\" data-elementor-lightbox-slideshow=\"e7969d2\" data-elementor-lightbox-title=\"Potager permaculture\" data-e-action-hash=\"#elementor-action%3Aaction%3Dlightbox%26settings%3DeyJpZCI6MTM4MywidXJsIjoiaHR0cHM6XC9cL2F1cmVsaWFkb3VsYS5mclwvd3AtY29udGVudFwvdXBsb2Fkc1wvMjAyM1wvMDZcL0lNRy0yMDIzMDYwNC1XQTAwMTUuanBnIiwic2xpZGVzaG93IjoiZTc5NjlkMiJ9\" href='https:\/\/aureliadoula.fr\/wp-content\/uploads\/2023\/06\/IMG-20230604-WA0015.jpg'><img decoding=\"async\" width=\"300\" height=\"300\" src=\"https:\/\/aureliadoula.fr\/wp-content\/uploads\/2023\/06\/IMG-20230604-WA0015-300x300.jpg\" class=\"attachment-ashe-list-thumbnail size-ashe-list-thumbnail\" alt=\"\" srcset=\"https:\/\/aureliadoula.fr\/wp-content\/uploads\/2023\/06\/IMG-20230604-WA0015-300x300.jpg 300w, https:\/\/aureliadoula.fr\/wp-content\/uploads\/2023\/06\/IMG-20230604-WA0015-150x150.jpg 150w, https:\/\/aureliadoula.fr\/wp-content\/uploads\/2023\/06\/IMG-20230604-WA0015-75x75.jpg 75w\" sizes=\"(max-width: 300px) 100vw, 300px\" \/><\/a>\n\t\t\t<\/div><\/figure><figure class='gallery-item'>\n\t\t\t<div class='gallery-icon landscape'>\n\t\t\t\t<a data-elementor-open-lightbox=\"yes\" data-elementor-lightbox-slideshow=\"e7969d2\" data-elementor-lightbox-title=\"Aur\u00e9lia Doula\" data-e-action-hash=\"#elementor-action%3Aaction%3Dlightbox%26settings%3DeyJpZCI6MTM3OCwidXJsIjoiaHR0cHM6XC9cL2F1cmVsaWFkb3VsYS5mclwvd3AtY29udGVudFwvdXBsb2Fkc1wvMjAyM1wvMDZcLzI0MDA5MDQ4OV8xMDIyNzM2NDU2OTM5ODgxMV8xMjc3MDczNTA1ODcyODQ5MTgzX24tMS5qcGciLCJzbGlkZXNob3ciOiJlNzk2OWQyIn0%3D\" href='https:\/\/aureliadoula.fr\/wp-content\/uploads\/2023\/06\/240090489_10227364569398811_1277073505872849183_n-1.jpg'><img loading=\"lazy\" decoding=\"async\" width=\"300\" height=\"300\" src=\"https:\/\/aureliadoula.fr\/wp-content\/uploads\/2023\/06\/240090489_10227364569398811_1277073505872849183_n-1-300x300.jpg\" class=\"attachment-ashe-list-thumbnail size-ashe-list-thumbnail\" alt=\"\" srcset=\"https:\/\/aureliadoula.fr\/wp-content\/uploads\/2023\/06\/240090489_10227364569398811_1277073505872849183_n-1-300x300.jpg 300w, https:\/\/aureliadoula.fr\/wp-content\/uploads\/2023\/06\/240090489_10227364569398811_1277073505872849183_n-1-150x150.jpg 150w, https:\/\/aureliadoula.fr\/wp-content\/uploads\/2023\/06\/240090489_10227364569398811_1277073505872849183_n-1-768x768.jpg 768w, https:\/\/aureliadoula.fr\/wp-content\/uploads\/2023\/06\/240090489_10227364569398811_1277073505872849183_n-1-75x75.jpg 75w, https:\/\/aureliadoula.fr\/wp-content\/uploads\/2023\/06\/240090489_10227364569398811_1277073505872849183_n-1.jpg 810w\" sizes=\"(max-width: 300px) 100vw, 300px\" \/><\/a>\n\t\t\t<\/div><\/figure>\n\t\t<\/div>\n\t\t<\/div>\n\t\t\t\t\t\t<\/div>\n\t\t\t\t<\/div>\n\t\t\t\t\t<\/div>\n\t\t<\/div>\n\t\t\t\t<div class=\"elementor-column elementor-col-66 elementor-top-column elementor-element elementor-element-0615b48\" data-id=\"0615b48\" data-element_type=\"column\" data-e-type=\"column\">\n\t\t\t<div class=\"elementor-widget-wrap elementor-element-populated\">\n\t\t\t\t\t\t<div class=\"elementor-element elementor-element-50d9168 elementor-widget elementor-widget-heading\" data-id=\"50d9168\" data-element_type=\"widget\" data-e-type=\"widget\" data-widget_type=\"heading.default\">\n\t\t\t\t<div class=\"elementor-widget-container\">\n\t\t\t\t\t<h1 class=\"elementor-heading-title elementor-size-default\">Aur\u00e9lia Revel<\/h1>\t\t\t\t<\/div>\n\t\t\t\t<\/div>\n\t\t\t\t<div class=\"elementor-element elementor-element-75bbd24 elementor-widget elementor-widget-text-editor\" data-id=\"75bbd24\" data-element_type=\"widget\" data-e-type=\"widget\" data-widget_type=\"text-editor.default\">\n\t\t\t\t<div class=\"elementor-widget-container\">\n\t\t\t\t\t\t\t\t\t<p>Multi-passionn\u00e9e, j\u2019aime en apprendre toujours plus sur des sujets tr\u00e8s divers ! Je suis passionn\u00e9e par le vivant en g\u00e9n\u00e9ral dont j\u2019ai \u00e0 c\u0153ur de prendre soin : la nature, les plantes, les animaux, les humains.\u00a0<\/p><p>J\u2019ai toujours \u00e9t\u00e9 une \u00ab\u00a0bonne oreille\u00a0\u00bb pour celles et ceux qui avaient besoin de se confier, alors sans le savoir j\u2019ai peut-\u00eatre toujours \u00e9t\u00e9 une doula, \u00e0 offrir mon \u00e9coute active.<\/p><p>Et puis je me suis prise de passion pour tous les sujets li\u00e9s \u00e0 la maternit\u00e9, j\u2019ai beaucoup lu, je me suis form\u00e9e et je vous accompagne aujourd\u2019hui dans votre cheminement. Je peux vous informer, r\u00e9pondre \u00e0 vos questions, vous offrir cet espace d\u2019\u00e9coute, vous soutenir dans vos choix, c\u00e9l\u00e9brer vos passages de vie et prendre soin de vous.<\/p><p>C\u00f4t\u00e9 plantes, j&rsquo;ai \u00e0 coeur de transmettre des savoir et savoir-faire pour que chacun.e puisse retrouver son autonomie et ce lien \u00e0 la nature (nature dont nous faisons partie !) et qu&rsquo;il est important de tisser de nouveau, en toute humilit\u00e9. Alors j&rsquo;anime des ateliers, des c\u00e9l\u00e9brations et des sorties autour des plantes et des saisons, je m&rsquo;appuie sur la roue de l&rsquo;ann\u00e9e celte car je souhaite renouer \u00e9galement avec nos racines, nos traditions ancestrales lorsqu&rsquo;il est possible de les retrouver.<\/p><p>Je souhaite \u00eatre au service du vivant dans tout ce que j&rsquo;entreprends, pour moi tout est li\u00e9 : humain, humus, humilit\u00e9, m\u00eame racine \u00e9tymologique, nous faisons partie de cette terre et du vivant au sens large, voil\u00e0 ce qui m&rsquo;anime au quotidien !<\/p>\t\t\t\t\t\t\t\t<\/div>\n\t\t\t\t<\/div>\n\t\t\t\t<div class=\"elementor-element elementor-element-c0ddf8b elementor-widget elementor-widget-heading\" data-id=\"c0ddf8b\" data-element_type=\"widget\" data-e-type=\"widget\" data-widget_type=\"heading.default\">\n\t\t\t\t<div class=\"elementor-widget-container\">\n\t\t\t\t\t<h4 class=\"elementor-heading-title elementor-size-default\">Mes formations<\/h4>\t\t\t\t<\/div>\n\t\t\t\t<\/div>\n\t\t\t\t<div class=\"elementor-element elementor-element-f093fd9 elementor-widget elementor-widget-text-editor\" data-id=\"f093fd9\" data-element_type=\"widget\" data-e-type=\"widget\" data-widget_type=\"text-editor.default\">\n\t\t\t\t<div class=\"elementor-widget-container\">\n\t\t\t\t\t\t\t\t\t<p><span style=\"font-family: 'Open Sans'; color: #000000;\">2023 | Transmission rites, croyances et sagesses ancestrales | <a href=\"https:\/\/www.instagram.com\/celiadoula\/?hl=fr\">Celia Sinegre<\/a><\/span><br style=\"color: #464646; font-family: 'Open Sans';\" \/><span style=\"font-family: 'Open Sans'; color: #000000;\">2022 | Cycle, grossesse, arr\u00eat de grossesse, PMA et plantes | <a href=\"https:\/\/phytofemme.wixsite.com\/phytofemme\">Marie-Liesse Goutte<\/a><\/span><br style=\"color: #464646; font-family: 'Open Sans';\" \/><span style=\"font-family: 'Open Sans'; color: #000000;\">2022 | \u00catre Doula : \u00e9thique et savoir \u00eatre (formation continue) | <a href=\"https:\/\/centrepleinelune.com\/\">Centre Pleine lune<\/a><\/span><br style=\"color: #464646; font-family: 'Open Sans';\" \/><span style=\"font-family: 'Open Sans'; color: #000000;\">2022 | B\u00e9b\u00e9 signe | <a href=\"https:\/\/www.facebook.com\/mesmainssign\/?locale=fr_FR\">Mes mains Sign\u2019<\/a><\/span><br style=\"color: #464646; font-family: 'Open Sans';\" \/><span style=\"font-family: 'Open Sans'; color: #000000;\">2021 | Vapeurs f\u00e9minines | <a href=\"https:\/\/www.lamandorla.eu\/?lang=fr\">La Mandorla<\/a><\/span><br style=\"color: #464646; font-family: 'Open Sans';\" \/><span style=\"font-family: 'Open Sans'; color: #000000;\">2021 | Soin rituel rebozo | <a href=\"https:\/\/www.facebook.com\/laureimaridoula\">Laure Imari<\/a><\/span><br style=\"color: #464646; font-family: 'Open Sans';\" \/><span style=\"font-family: 'Open Sans'; color: #000000;\">2020 | Entreprenariat sacr\u00e9 | <a href=\"https:\/\/kristellecardeur.com\/\">Karma Mamas<\/a><\/span><br style=\"color: #464646; font-family: 'Open Sans';\" \/><span style=\"font-family: 'Open Sans'; color: #000000;\">2020 | Doulas de base | <a href=\"https:\/\/centrepleinelune.com\/\">Centre Pleine lune<\/a><\/span><br style=\"color: #464646; font-family: 'Open Sans';\" \/><span style=\"font-family: 'Open Sans'; color: #000000;\">2018 | Botanique et plantes m\u00e9dicinales | <a href=\"https:\/\/www.communerbe.org\/home\">Communerbe<\/a><\/span><\/p>\t\t\t\t\t\t\t\t<\/div>\n\t\t\t\t<\/div>\n\t\t\t\t<div class=\"elementor-element elementor-element-2e20447 elementor-widget elementor-widget-heading\" data-id=\"2e20447\" data-element_type=\"widget\" data-e-type=\"widget\" data-widget_type=\"heading.default\">\n\t\t\t\t<div class=\"elementor-widget-container\">\n\t\t\t\t\t<h4 class=\"elementor-heading-title elementor-size-default\">Associations<\/h4>\t\t\t\t<\/div>\n\t\t\t\t<\/div>\n\t\t\t\t<div class=\"elementor-element elementor-element-0d5a885 elementor-widget elementor-widget-text-editor\" data-id=\"0d5a885\" data-element_type=\"widget\" data-e-type=\"widget\" data-widget_type=\"text-editor.default\">\n\t\t\t\t<div class=\"elementor-widget-container\">\n\t\t\t\t\t\t\t\t\t<p>J&rsquo;ai toujours aim\u00e9 l&rsquo;engagement associatif et aujourd&rsquo;hui je m&rsquo;implique en tant que doula au sein de deux associations :<\/p><p>&#8211; <a href=\"https:\/\/www.facebook.com\/hemerabiennaitre\/\"><strong>Hemera bien na\u00eetre<\/strong><\/a> <em>(secr\u00e9taire)<\/em> : association locale (autour de Provins) de professionnels de la p\u00e9rinatalit\u00e9<\/p><p>&#8211; <a href=\"https:\/\/www.afman.fr\/\"><strong>AFMAN<\/strong><\/a> : Association Fran\u00e7aise des M\u00e9tiers de l&rsquo;Accompagnement \u00e0 la Naissance <em>(membre du CA)<\/em> : association nationale qui \u0153uvre \u00e0 la visibilit\u00e9 du m\u00e9tier de doula<\/p>\t\t\t\t\t\t\t\t<\/div>\n\t\t\t\t<\/div>\n\t\t\t\t<div class=\"elementor-element elementor-element-0f336d0 elementor-widget elementor-widget-image-gallery\" data-id=\"0f336d0\" data-element_type=\"widget\" data-e-type=\"widget\" data-widget_type=\"image-gallery.default\">\n\t\t\t\t<div class=\"elementor-widget-container\">\n\t\t\t\t\t\t\t<div class=\"elementor-image-gallery\">\n\t\t\t<div id='gallery-2' class='gallery galleryid-11 gallery-columns-2 gallery-size-medium'><figure class='gallery-item'>\n\t\t\t<div class='gallery-icon landscape'>\n\t\t\t\t<a data-elementor-open-lightbox=\"yes\" data-elementor-lightbox-slideshow=\"0f336d0\" data-elementor-lightbox-title=\"274119258_111291131487748_856977540876893412_n\" data-e-action-hash=\"#elementor-action%3Aaction%3Dlightbox%26settings%3DeyJpZCI6MTE3OSwidXJsIjoiaHR0cHM6XC9cL2F1cmVsaWFkb3VsYS5mclwvd3AtY29udGVudFwvdXBsb2Fkc1wvMjAyM1wvMDFcLzI3NDExOTI1OF8xMTEyOTExMzE0ODc3NDhfODU2OTc3NTQwODc2ODkzNDEyX24uanBnIiwic2xpZGVzaG93IjoiMGYzMzZkMCJ9\" href='https:\/\/aureliadoula.fr\/wp-content\/uploads\/2023\/01\/274119258_111291131487748_856977540876893412_n.jpg'><img loading=\"lazy\" decoding=\"async\" width=\"300\" height=\"300\" src=\"https:\/\/aureliadoula.fr\/wp-content\/uploads\/2023\/01\/274119258_111291131487748_856977540876893412_n-300x300.jpg\" class=\"attachment-medium size-medium\" alt=\"\" srcset=\"https:\/\/aureliadoula.fr\/wp-content\/uploads\/2023\/01\/274119258_111291131487748_856977540876893412_n-300x300.jpg 300w, https:\/\/aureliadoula.fr\/wp-content\/uploads\/2023\/01\/274119258_111291131487748_856977540876893412_n-1024x1024.jpg 1024w, https:\/\/aureliadoula.fr\/wp-content\/uploads\/2023\/01\/274119258_111291131487748_856977540876893412_n-150x150.jpg 150w, https:\/\/aureliadoula.fr\/wp-content\/uploads\/2023\/01\/274119258_111291131487748_856977540876893412_n-768x768.jpg 768w, https:\/\/aureliadoula.fr\/wp-content\/uploads\/2023\/01\/274119258_111291131487748_856977540876893412_n-1140x1140.jpg 1140w, https:\/\/aureliadoula.fr\/wp-content\/uploads\/2023\/01\/274119258_111291131487748_856977540876893412_n-75x75.jpg 75w, https:\/\/aureliadoula.fr\/wp-content\/uploads\/2023\/01\/274119258_111291131487748_856977540876893412_n.jpg 1250w\" sizes=\"(max-width: 300px) 100vw, 300px\" \/><\/a>\n\t\t\t<\/div><\/figure><figure class='gallery-item'>\n\t\t\t<div class='gallery-icon landscape'>\n\t\t\t\t<a data-elementor-open-lightbox=\"yes\" data-elementor-lightbox-slideshow=\"0f336d0\" data-elementor-lightbox-title=\"afman phrase\" data-e-action-hash=\"#elementor-action%3Aaction%3Dlightbox%26settings%3DeyJpZCI6MTE3OCwidXJsIjoiaHR0cHM6XC9cL2F1cmVsaWFkb3VsYS5mclwvd3AtY29udGVudFwvdXBsb2Fkc1wvMjAyM1wvMDFcL2FmbWFuLXBocmFzZS5wbmciLCJzbGlkZXNob3ciOiIwZjMzNmQwIn0%3D\" href='https:\/\/aureliadoula.fr\/wp-content\/uploads\/2023\/01\/afman-phrase.png'><img loading=\"lazy\" decoding=\"async\" width=\"300\" height=\"279\" src=\"https:\/\/aureliadoula.fr\/wp-content\/uploads\/2023\/01\/afman-phrase-300x279.png\" class=\"attachment-medium size-medium\" alt=\"\" srcset=\"https:\/\/aureliadoula.fr\/wp-content\/uploads\/2023\/01\/afman-phrase-300x279.png 300w, https:\/\/aureliadoula.fr\/wp-content\/uploads\/2023\/01\/afman-phrase-1024x954.png 1024w, https:\/\/aureliadoula.fr\/wp-content\/uploads\/2023\/01\/afman-phrase-768x715.png 768w, https:\/\/aureliadoula.fr\/wp-content\/uploads\/2023\/01\/afman-phrase-1536x1430.png 1536w, https:\/\/aureliadoula.fr\/wp-content\/uploads\/2023\/01\/afman-phrase-2048x1907.png 2048w, https:\/\/aureliadoula.fr\/wp-content\/uploads\/2023\/01\/afman-phrase-1140x1062.png 1140w\" sizes=\"(max-width: 300px) 100vw, 300px\" \/><\/a>\n\t\t\t<\/div><\/figure>\n\t\t<\/div>\n\t\t<\/div>\n\t\t\t\t\t\t<\/div>\n\t\t\t\t<\/div>\n\t\t\t\t<div class=\"elementor-element elementor-element-921e04c elementor-widget elementor-widget-heading\" data-id=\"921e04c\" data-element_type=\"widget\" data-e-type=\"widget\" data-widget_type=\"heading.default\">\n\t\t\t\t<div class=\"elementor-widget-container\">\n\t\t\t\t\t<h4 class=\"elementor-heading-title elementor-size-default\">Mes passions<\/h4>\t\t\t\t<\/div>\n\t\t\t\t<\/div>\n\t\t\t\t<div class=\"elementor-element elementor-element-d37e55a elementor-widget elementor-widget-text-editor\" data-id=\"d37e55a\" data-element_type=\"widget\" data-e-type=\"widget\" data-widget_type=\"text-editor.default\">\n\t\t\t\t<div class=\"elementor-widget-container\">\n\t\t\t\t\t\t\t\t\t<p>Permaculture\u00a0\u2022\u00a0Cueillette sauvage\u00a0\u2022 Dessin\u00a0\u2022 Tricot\u00a0<span style=\"font-family: var( --e-global-typography-text-font-family ), Sans-serif; font-weight: var( --e-global-typography-text-font-weight ); letter-spacing: 0px;\">\u2022<\/span><span style=\"font-family: var( --e-global-typography-text-font-family ), Sans-serif; font-weight: var( --e-global-typography-text-font-weight ); letter-spacing: 0px;\">\u00a0Filage\u00a0\u2022 Musique\u00a0\u2022\u00a0Danse folk\u00a0\u2022 Yoga\u00a0\u2022 Rituels<\/span><\/p>\t\t\t\t\t\t\t\t<\/div>\n\t\t\t\t<\/div>\n\t\t\t\t\t<\/div>\n\t\t<\/div>\n\t\t\t\t\t<\/div>\n\t\t<\/section>\n\t\t\t\t<\/div>\n\t\t","protected":false},"excerpt":{"rendered":"<p>Aur\u00e9lia Revel Multi-passionn\u00e9e, j\u2019aime en apprendre toujours plus sur des sujets tr\u00e8s divers ! Je suis passionn\u00e9e par le vivant en g\u00e9n\u00e9ral dont j\u2019ai \u00e0 c\u0153ur de prendre soin : la nature, les plantes, les animaux, les humains.\u00a0 J\u2019ai toujours \u00e9t\u00e9 une \u00ab\u00a0bonne oreille\u00a0\u00bb pour celles et ceux qui avaient besoin de se confier, alors sans le savoir j\u2019ai peut-\u00eatre toujours \u00e9t\u00e9 une doula, \u00e0 offrir mon \u00e9coute active. Et puis je me suis prise de passion pour tous les sujets li\u00e9s \u00e0 la maternit\u00e9, j\u2019ai beaucoup lu, je me suis form\u00e9e et je vous accompagne aujourd\u2019hui dans votre cheminement. Je peux vous informer, r\u00e9pondre \u00e0 vos questions, vous offrir cet espace d\u2019\u00e9coute, vous soutenir dans vos choix, c\u00e9l\u00e9brer vos passages de vie et prendre soin de vous. C\u00f4t\u00e9 plantes, j&rsquo;ai \u00e0 coeur de transmettre des savoir et savoir-faire pour que chacun.e puisse retrouver son autonomie et ce lien \u00e0 la nature (nature dont nous faisons partie !) et qu&rsquo;il est important de tisser de nouveau, en toute humilit\u00e9. Alors j&rsquo;anime des ateliers, des c\u00e9l\u00e9brations et des sorties autour des plantes et des saisons, je m&rsquo;appuie sur la roue de l&rsquo;ann\u00e9e celte car je souhaite renouer \u00e9galement avec nos racines, nos traditions ancestrales lorsqu&rsquo;il est possible de les retrouver. Je souhaite \u00eatre au service du vivant dans tout ce que j&rsquo;entreprends, pour moi tout est li\u00e9 : humain, humus, humilit\u00e9, m\u00eame racine \u00e9tymologique, nous faisons partie de cette terre et du vivant au sens large, voil\u00e0 ce qui m&rsquo;anime au quotidien ! Mes formations 2023 | Transmission rites, croyances et sagesses ancestrales | Celia Sinegre2022 | Cycle, grossesse, arr\u00eat de grossesse, PMA et plantes | Marie-Liesse Goutte2022 | \u00catre Doula : \u00e9thique et savoir \u00eatre (formation continue) | Centre Pleine lune2022 | B\u00e9b\u00e9 signe | Mes mains Sign\u20192021 | Vapeurs f\u00e9minines | La Mandorla2021 | Soin rituel rebozo | Laure Imari2020 | Entreprenariat sacr\u00e9 | Karma Mamas2020 | Doulas de base | Centre Pleine lune2018 | Botanique et plantes m\u00e9dicinales | Communerbe Associations J&rsquo;ai toujours aim\u00e9 l&rsquo;engagement associatif et aujourd&rsquo;hui je m&rsquo;implique en tant que doula au sein de deux associations : &#8211; Hemera bien na\u00eetre (secr\u00e9taire) : association locale (autour de Provins) de professionnels de la p\u00e9rinatalit\u00e9 &#8211; AFMAN : Association Fran\u00e7aise des M\u00e9tiers de l&rsquo;Accompagnement \u00e0 la Naissance (membre du CA) : association nationale qui \u0153uvre \u00e0 la visibilit\u00e9 du m\u00e9tier de doula Mes passions Permaculture\u00a0\u2022\u00a0Cueillette sauvage\u00a0\u2022 Dessin\u00a0\u2022 Tricot\u00a0\u2022\u00a0Filage\u00a0\u2022 Musique\u00a0\u2022\u00a0Danse folk\u00a0\u2022 Yoga\u00a0\u2022 Rituels<\/p>\n","protected":false},"author":1,"featured_media":0,"parent":0,"menu_order":0,"comment_status":"closed","ping_status":"closed","template":"","meta":{"footnotes":""},"class_list":["post-11","page","type-page","status-publish","hentry"],"_links":{"self":[{"href":"https:\/\/aureliadoula.fr\/index.php\/wp-json\/wp\/v2\/pages\/11","targetHints":{"allow":["GET"]}}],"collection":[{"href":"https:\/\/aureliadoula.fr\/index.php\/wp-json\/wp\/v2\/pages"}],"about":[{"href":"https:\/\/aureliadoula.fr\/index.php\/wp-json\/wp\/v2\/types\/page"}],"author":[{"embeddable":true,"href":"https:\/\/aureliadoula.fr\/index.php\/wp-json\/wp\/v2\/users\/1"}],"replies":[{"embeddable":true,"href":"https:\/\/aureliadoula.fr\/index.php\/wp-json\/wp\/v2\/comments?post=11"}],"version-history":[{"count":116,"href":"https:\/\/aureliadoula.fr\/index.php\/wp-json\/wp\/v2\/pages\/11\/revisions"}],"predecessor-version":[{"id":1390,"href":"https:\/\/aureliadoula.fr\/index.php\/wp-json\/wp\/v2\/pages\/11\/revisions\/1390"}],"wp:attachment":[{"href":"https:\/\/aureliadoula.fr\/index.php\/wp-json\/wp\/v2\/media?parent=11"}],"curies":[{"name":"wp","href":"https:\/\/api.w.org\/{rel}","templated":true}]}}