{"id":1257,"date":"2023-05-12T08:59:26","date_gmt":"2023-05-12T06:59:26","guid":{"rendered":"https:\/\/aureliadoula.fr\/?page_id=1257"},"modified":"2023-05-12T09:09:36","modified_gmt":"2023-05-12T07:09:36","slug":"plantes","status":"publish","type":"page","link":"https:\/\/aureliadoula.fr\/index.php\/plantes\/","title":{"rendered":"Plantes"},"content":{"rendered":"\t\t<div data-elementor-type=\"wp-page\" data-elementor-id=\"1257\" class=\"elementor elementor-1257\">\n\t\t\t\t\t\t<section class=\"elementor-section elementor-top-section elementor-element elementor-element-67273a8 elementor-section-boxed elementor-section-height-default elementor-section-height-default\" data-id=\"67273a8\" data-element_type=\"section\" data-e-type=\"section\">\n\t\t\t\t\t\t<div class=\"elementor-container elementor-column-gap-default\">\n\t\t\t\t\t<div class=\"elementor-column elementor-col-33 elementor-top-column elementor-element elementor-element-206f507\" data-id=\"206f507\" data-element_type=\"column\" data-e-type=\"column\">\n\t\t\t<div class=\"elementor-widget-wrap elementor-element-populated\">\n\t\t\t\t\t\t<div class=\"elementor-element elementor-element-7e64470 elementor-widget elementor-widget-html\" data-id=\"7e64470\" data-element_type=\"widget\" data-e-type=\"widget\" data-widget_type=\"html.default\">\n\t\t\t\t<div class=\"elementor-widget-container\">\n\t\t\t\t\t<a href='index.php\/promenades-plantes-sauvages\/' alt='Promenades plantes sauvages' class='service-link'>\n    <h2 class='elementor-heading-title elementor-size-default'>Promenades plantes sauvages<\/h2>\n    <img src='\/wp-content\/uploads\/2023\/05\/25601-210730194437417-4-e1683874842177.jpg'\/>\n<\/a>\t\t\t\t<\/div>\n\t\t\t\t<\/div>\n\t\t\t\t\t<\/div>\n\t\t<\/div>\n\t\t\t\t<div class=\"elementor-column elementor-col-33 elementor-top-column elementor-element elementor-element-e6cef3d\" data-id=\"e6cef3d\" data-element_type=\"column\" data-e-type=\"column\">\n\t\t\t<div class=\"elementor-widget-wrap elementor-element-populated\">\n\t\t\t\t\t\t<div class=\"elementor-element elementor-element-be60691 elementor-widget elementor-widget-html\" data-id=\"be60691\" data-element_type=\"widget\" data-e-type=\"widget\" data-widget_type=\"html.default\">\n\t\t\t\t<div class=\"elementor-widget-container\">\n\t\t\t\t\t<a href='index.php\/ateliers-plantes\/' alt='Ateliers autour des plantes\n' class='service-link'>\n    <h2 class='elementor-heading-title elementor-size-default'>Ateliers autour des plantes\n<\/h2>\n    <img src='\/wp-content\/uploads\/2023\/05\/IMG_20200717_143444-scaled-e1683875000606.jpg'\/>\n<\/a>\t\t\t\t<\/div>\n\t\t\t\t<\/div>\n\t\t\t\t\t<\/div>\n\t\t<\/div>\n\t\t\t\t<div class=\"elementor-column elementor-col-33 elementor-top-column elementor-element elementor-element-f29c316\" data-id=\"f29c316\" data-element_type=\"column\" data-e-type=\"column\">\n\t\t\t<div class=\"elementor-widget-wrap elementor-element-populated\">\n\t\t\t\t\t\t<div class=\"elementor-element elementor-element-34df56a elementor-widget elementor-widget-html\" data-id=\"34df56a\" data-element_type=\"widget\" data-e-type=\"widget\" data-widget_type=\"html.default\">\n\t\t\t\t<div class=\"elementor-widget-container\">\n\t\t\t\t\t<a href='index.php\/celebrations-celtes\/' alt='C\u00e9l\u00e9brations celtes\n\n' class='service-link'>\n    <h2 class='elementor-heading-title elementor-size-default'>C\u00e9l\u00e9brations roue de l'ann\u00e9e celte\n\n<\/h2>\n    <img src='\/wp-content\/uploads\/2023\/05\/IMG_20220915_163547-scaled-e1683875244374.jpg'\/>\n<\/a>\t\t\t\t<\/div>\n\t\t\t\t<\/div>\n\t\t\t\t\t<\/div>\n\t\t<\/div>\n\t\t\t\t\t<\/div>\n\t\t<\/section>\n\t\t\t\t<\/div>\n\t\t","protected":false},"excerpt":{"rendered":"<p>Promenades plantes sauvages Ateliers autour des plantes C\u00e9l\u00e9brations roue de l&rsquo;ann\u00e9e celte<\/p>\n","protected":false},"author":2,"featured_media":0,"parent":0,"menu_order":0,"comment_status":"closed","ping_status":"closed","template":"","meta":{"footnotes":""},"class_list":["post-1257","page","type-page","status-publish","hentry"],"_links":{"self":[{"href":"https:\/\/aureliadoula.fr\/index.php\/wp-json\/wp\/v2\/pages\/1257","targetHints":{"allow":["GET"]}}],"collection":[{"href":"https:\/\/aureliadoula.fr\/index.php\/wp-json\/wp\/v2\/pages"}],"about":[{"href":"https:\/\/aureliadoula.fr\/index.php\/wp-json\/wp\/v2\/types\/page"}],"author":[{"embeddable":true,"href":"https:\/\/aureliadoula.fr\/index.php\/wp-json\/wp\/v2\/users\/2"}],"replies":[{"embeddable":true,"href":"https:\/\/aureliadoula.fr\/index.php\/wp-json\/wp\/v2\/comments?post=1257"}],"version-history":[{"count":14,"href":"https:\/\/aureliadoula.fr\/index.php\/wp-json\/wp\/v2\/pages\/1257\/revisions"}],"predecessor-version":[{"id":1278,"href":"https:\/\/aureliadoula.fr\/index.php\/wp-json\/wp\/v2\/pages\/1257\/revisions\/1278"}],"wp:attachment":[{"href":"https:\/\/aureliadoula.fr\/index.php\/wp-json\/wp\/v2\/media?parent=1257"}],"curies":[{"name":"wp","href":"https:\/\/api.w.org\/{rel}","templated":true}]}}