{"id":1294,"date":"2023-05-12T09:53:48","date_gmt":"2023-05-12T07:53:48","guid":{"rendered":"https:\/\/aureliadoula.fr\/?page_id=1294"},"modified":"2023-06-06T11:31:42","modified_gmt":"2023-06-06T09:31:42","slug":"podcast-humus","status":"publish","type":"page","link":"https:\/\/aureliadoula.fr\/index.php\/podcast-humus\/","title":{"rendered":"Podcast"},"content":{"rendered":"\t\t<div data-elementor-type=\"wp-page\" data-elementor-id=\"1294\" class=\"elementor elementor-1294\">\n\t\t\t\t\t\t<section class=\"elementor-section elementor-top-section elementor-element elementor-element-54c27b8 elementor-section-boxed elementor-section-height-default elementor-section-height-default\" data-id=\"54c27b8\" data-element_type=\"section\" data-e-type=\"section\">\n\t\t\t\t\t\t<div class=\"elementor-container elementor-column-gap-default\">\n\t\t\t\t\t<div class=\"elementor-column elementor-col-33 elementor-top-column elementor-element elementor-element-4b23bed\" data-id=\"4b23bed\" data-element_type=\"column\" data-e-type=\"column\">\n\t\t\t<div class=\"elementor-widget-wrap elementor-element-populated\">\n\t\t\t\t\t\t<div class=\"elementor-element elementor-element-a34864b elementor-widget__width-initial elementor-widget elementor-widget-image-gallery\" data-id=\"a34864b\" data-element_type=\"widget\" data-e-type=\"widget\" data-widget_type=\"image-gallery.default\">\n\t\t\t\t<div class=\"elementor-widget-container\">\n\t\t\t\t\t\t\t<div class=\"elementor-image-gallery\">\n\t\t\t<div id='gallery-1' class='gallery galleryid-1294 gallery-columns-1 gallery-size-ashe-list-thumbnail'><figure class='gallery-item'>\n\t\t\t<div class='gallery-icon landscape'>\n\t\t\t\t<a data-elementor-open-lightbox=\"yes\" data-elementor-lightbox-slideshow=\"a34864b\" data-elementor-lightbox-title=\"Humus podcast\" data-e-action-hash=\"#elementor-action%3Aaction%3Dlightbox%26settings%3DeyJpZCI6MTMwMCwidXJsIjoiaHR0cHM6XC9cL2F1cmVsaWFkb3VsYS5mclwvd3AtY29udGVudFwvdXBsb2Fkc1wvMjAyM1wvMDVcL0h1bXVzLXBvZGNhc3Qtc2NhbGVkLmpwZWciLCJzbGlkZXNob3ciOiJhMzQ4NjRiIn0%3D\" href='https:\/\/aureliadoula.fr\/wp-content\/uploads\/2023\/05\/Humus-podcast-scaled.jpeg'><img fetchpriority=\"high\" decoding=\"async\" width=\"300\" height=\"300\" src=\"https:\/\/aureliadoula.fr\/wp-content\/uploads\/2023\/05\/Humus-podcast-300x300.jpeg\" class=\"attachment-ashe-list-thumbnail size-ashe-list-thumbnail\" alt=\"Humus podcast Aur\u00e9lia Doula Aur\u00e9 des bois\" srcset=\"https:\/\/aureliadoula.fr\/wp-content\/uploads\/2023\/05\/Humus-podcast-300x300.jpeg 300w, https:\/\/aureliadoula.fr\/wp-content\/uploads\/2023\/05\/Humus-podcast-1024x1024.jpeg 1024w, https:\/\/aureliadoula.fr\/wp-content\/uploads\/2023\/05\/Humus-podcast-150x150.jpeg 150w, https:\/\/aureliadoula.fr\/wp-content\/uploads\/2023\/05\/Humus-podcast-768x768.jpeg 768w, https:\/\/aureliadoula.fr\/wp-content\/uploads\/2023\/05\/Humus-podcast-1536x1536.jpeg 1536w, https:\/\/aureliadoula.fr\/wp-content\/uploads\/2023\/05\/Humus-podcast-2048x2048.jpeg 2048w, https:\/\/aureliadoula.fr\/wp-content\/uploads\/2023\/05\/Humus-podcast-1140x1140.jpeg 1140w, https:\/\/aureliadoula.fr\/wp-content\/uploads\/2023\/05\/Humus-podcast-75x75.jpeg 75w\" sizes=\"(max-width: 300px) 100vw, 300px\" \/><\/a>\n\t\t\t<\/div><\/figure>\n\t\t<\/div>\n\t\t<\/div>\n\t\t\t\t\t\t<\/div>\n\t\t\t\t<\/div>\n\t\t\t\t\t<\/div>\n\t\t<\/div>\n\t\t\t\t<div class=\"elementor-column elementor-col-66 elementor-top-column elementor-element elementor-element-4fba1a4\" data-id=\"4fba1a4\" data-element_type=\"column\" data-e-type=\"column\">\n\t\t\t<div class=\"elementor-widget-wrap elementor-element-populated\">\n\t\t\t\t\t\t<div class=\"elementor-element elementor-element-54909c4 elementor-widget elementor-widget-heading\" data-id=\"54909c4\" data-element_type=\"widget\" data-e-type=\"widget\" data-widget_type=\"heading.default\">\n\t\t\t\t<div class=\"elementor-widget-container\">\n\t\t\t\t\t<h2 class=\"elementor-heading-title elementor-size-default\">Podcast<\/h2>\t\t\t\t<\/div>\n\t\t\t\t<\/div>\n\t\t\t\t<div class=\"elementor-element elementor-element-0e4eed2 elementor-widget elementor-widget-text-editor\" data-id=\"0e4eed2\" data-element_type=\"widget\" data-e-type=\"widget\" data-widget_type=\"text-editor.default\">\n\t\t\t\t<div class=\"elementor-widget-container\">\n\t\t\t\t\t\t\t\t\t<p><em>Humus\u00a0<\/em>est mon petit podcast en toute humilit\u00e9&#8230;<\/p><p>Je vous y partage mes r\u00e9flexions, mes lectures et mes activit\u00e9s autour de la saison du moment.<\/p><p>Je me passionne pour tout un tas de sujets : les cycles f\u00e9minins, la grossesse et la mis au monde d&rsquo;un enfant, l&rsquo;\u00e9ducation, la permaculture, les plantes sauvages comestibles et m\u00e9dicinales, le cycle des saisons, les traditions celtes et europ\u00e9ennes, les artisanats, etc.<\/p><p><strong>Liste des \u00e9pisodes :<\/strong><\/p><h4 class=\"itemtitle\"><a href=\"https:\/\/shows.acast.com\/humus\/episodes\/644ce774cf3bd6001107e396\">#3 &#8211; S&rsquo;investir dans le collectif &#8211; Beltane 2023<\/a><\/h4><p>Dans cet \u00e9pisode, je vous partage mon engagement pour les projets collectifs, l&rsquo;importance pour moi de faire ensemble et de cr\u00e9er du lien social \u00e0 travers des actions autour de la transition \u00e9cologique, entre autres.<\/p><p>Lecture d&rsquo;un extrait de\u00a0<em>R\u00e9parer nos objets ensemble<\/em>\u00a0de Aude Raux et Marie-No\u00eblle Himbert.<\/p><p>Puis partage de mes activit\u00e9s du moment en lien avec la f\u00eate de Beltane du 1er mai.<\/p><h4 class=\"itemtitle\"><a href=\"https:\/\/shows.acast.com\/humus\/episodes\/641734110baefa00118221c6\">#2 &#8211; Matrimoines europ\u00e9ens &#8211; Ostara 2023<\/a><\/h4><p>Dans ce second \u00e9pisode, je vous partage mes r\u00e9flexions autour de la r\u00e9appropriation de nos matrimoines europ\u00e9ens, nos traditions, rites et soins locaux des femmes en g\u00e9n\u00e9ral et de la grossesse, de l&rsquo;accouchement et du postnatal plus particuli\u00e8rement.<\/p><p>Lecture d&rsquo;un extrait de\u00a0<em>Colibri, et apr\u00e8s ? Comment l&rsquo;\u00e9cologie a r\u00e9volutionn\u00e9 ma vie<\/em>\u00a0de Marie Petit.<\/p><p>Puis partage de mes activit\u00e9s du moment en lien avec la f\u00eate d&rsquo;Ostara du 20 mars.<\/p><h4 class=\"itemtitle\"><a href=\"https:\/\/shows.acast.com\/humus\/episodes\/63da387b7aca150011dd87b1\">#1 &#8211; Le pouvoir par la connaissance &#8211; Imbolc 2023<\/a><\/h4><p>Dans ce premier \u00e9pisode, je vous partage mes r\u00e9flexions autour de la prise en charge des femmes enceintes dans notre syst\u00e8me de soins fran\u00e7ais actuel et sur la mani\u00e8re dont j\u2019aime travailler avec les femmes que j&rsquo;accompagne en tant que doula, et avec les personnes que j&#8217;emm\u00e8ne en promenade botanique.<\/p><p>Lecture d&rsquo;un extrait de\u00a0<em>L&rsquo;amazone et la cuisini\u00e8re: anthropologie de la division sexuelle du travail<\/em>\u00a0d&rsquo;Alain Testart.<\/p><p>Puis partage de mes activit\u00e9s du moment en lien avec la f\u00eate d&rsquo;Imbolc du 1er f\u00e9vrier.<\/p>\t\t\t\t\t\t\t\t<\/div>\n\t\t\t\t<\/div>\n\t\t\t\t\t<\/div>\n\t\t<\/div>\n\t\t\t\t\t<\/div>\n\t\t<\/section>\n\t\t\t\t<\/div>\n\t\t","protected":false},"excerpt":{"rendered":"<p>Podcast Humus\u00a0est mon petit podcast en toute humilit\u00e9&#8230; Je vous y partage mes r\u00e9flexions, mes lectures et mes activit\u00e9s autour de la saison du moment. Je me passionne pour tout un tas de sujets : les cycles f\u00e9minins, la grossesse et la mis au monde d&rsquo;un enfant, l&rsquo;\u00e9ducation, la permaculture, les plantes sauvages comestibles et m\u00e9dicinales, le cycle des saisons, les traditions celtes et europ\u00e9ennes, les artisanats, etc. Liste des \u00e9pisodes : #3 &#8211; S&rsquo;investir dans le collectif &#8211; Beltane 2023 Dans cet \u00e9pisode, je vous partage mon engagement pour les projets collectifs, l&rsquo;importance pour moi de faire ensemble et de cr\u00e9er du lien social \u00e0 travers des actions autour de la transition \u00e9cologique, entre autres. Lecture d&rsquo;un extrait de\u00a0R\u00e9parer nos objets ensemble\u00a0de Aude Raux et Marie-No\u00eblle Himbert. Puis partage de mes activit\u00e9s du moment en lien avec la f\u00eate de Beltane du 1er mai. #2 &#8211; Matrimoines europ\u00e9ens &#8211; Ostara 2023 Dans ce second \u00e9pisode, je vous partage mes r\u00e9flexions autour de la r\u00e9appropriation de nos matrimoines europ\u00e9ens, nos traditions, rites et soins locaux des femmes en g\u00e9n\u00e9ral et de la grossesse, de l&rsquo;accouchement et du postnatal plus particuli\u00e8rement. Lecture d&rsquo;un extrait de\u00a0Colibri, et apr\u00e8s ? Comment l&rsquo;\u00e9cologie a r\u00e9volutionn\u00e9 ma vie\u00a0de Marie Petit. Puis partage de mes activit\u00e9s du moment en lien avec la f\u00eate d&rsquo;Ostara du 20 mars. #1 &#8211; Le pouvoir par la connaissance &#8211; Imbolc 2023 Dans ce premier \u00e9pisode, je vous partage mes r\u00e9flexions autour de la prise en charge des femmes enceintes dans notre syst\u00e8me de soins fran\u00e7ais actuel et sur la mani\u00e8re dont j\u2019aime travailler avec les femmes que j&rsquo;accompagne en tant que doula, et avec les personnes que j&#8217;emm\u00e8ne en promenade botanique. Lecture d&rsquo;un extrait de\u00a0L&rsquo;amazone et la cuisini\u00e8re: anthropologie de la division sexuelle du travail\u00a0d&rsquo;Alain Testart. Puis partage de mes activit\u00e9s du moment en lien avec la f\u00eate d&rsquo;Imbolc du 1er f\u00e9vrier.<\/p>\n","protected":false},"author":2,"featured_media":0,"parent":0,"menu_order":0,"comment_status":"closed","ping_status":"closed","template":"","meta":{"footnotes":""},"class_list":["post-1294","page","type-page","status-publish","hentry"],"_links":{"self":[{"href":"https:\/\/aureliadoula.fr\/index.php\/wp-json\/wp\/v2\/pages\/1294","targetHints":{"allow":["GET"]}}],"collection":[{"href":"https:\/\/aureliadoula.fr\/index.php\/wp-json\/wp\/v2\/pages"}],"about":[{"href":"https:\/\/aureliadoula.fr\/index.php\/wp-json\/wp\/v2\/types\/page"}],"author":[{"embeddable":true,"href":"https:\/\/aureliadoula.fr\/index.php\/wp-json\/wp\/v2\/users\/2"}],"replies":[{"embeddable":true,"href":"https:\/\/aureliadoula.fr\/index.php\/wp-json\/wp\/v2\/comments?post=1294"}],"version-history":[{"count":17,"href":"https:\/\/aureliadoula.fr\/index.php\/wp-json\/wp\/v2\/pages\/1294\/revisions"}],"predecessor-version":[{"id":1362,"href":"https:\/\/aureliadoula.fr\/index.php\/wp-json\/wp\/v2\/pages\/1294\/revisions\/1362"}],"wp:attachment":[{"href":"https:\/\/aureliadoula.fr\/index.php\/wp-json\/wp\/v2\/media?parent=1294"}],"curies":[{"name":"wp","href":"https:\/\/api.w.org\/{rel}","templated":true}]}}