{"id":719,"date":"2022-01-14T16:04:01","date_gmt":"2022-01-14T15:04:01","guid":{"rendered":"https:\/\/aureliadoula.fr\/?page_id=719"},"modified":"2023-05-12T10:33:09","modified_gmt":"2023-05-12T08:33:09","slug":"ateliers-plantes","status":"publish","type":"page","link":"https:\/\/aureliadoula.fr\/index.php\/ateliers-plantes\/","title":{"rendered":"Ateliers plantes"},"content":{"rendered":"\t\t<div data-elementor-type=\"wp-page\" data-elementor-id=\"719\" class=\"elementor elementor-719\">\n\t\t\t\t\t\t<section class=\"elementor-section elementor-top-section elementor-element elementor-element-9bd9b6a elementor-section-boxed elementor-section-height-default elementor-section-height-default\" data-id=\"9bd9b6a\" data-element_type=\"section\" data-e-type=\"section\">\n\t\t\t\t\t\t<div class=\"elementor-container elementor-column-gap-default\">\n\t\t\t\t\t<div class=\"elementor-column elementor-col-100 elementor-top-column elementor-element elementor-element-f8859e6\" data-id=\"f8859e6\" data-element_type=\"column\" data-e-type=\"column\">\n\t\t\t<div class=\"elementor-widget-wrap elementor-element-populated\">\n\t\t\t\t\t\t<div class=\"elementor-element elementor-element-bd40b1b elementor-widget elementor-widget-heading\" data-id=\"bd40b1b\" data-element_type=\"widget\" data-e-type=\"widget\" data-widget_type=\"heading.default\">\n\t\t\t\t<div class=\"elementor-widget-container\">\n\t\t\t\t\t<h2 class=\"elementor-heading-title elementor-size-default\">Ateliers autour des plantes<\/h2>\t\t\t\t<\/div>\n\t\t\t\t<\/div>\n\t\t\t\t\t<\/div>\n\t\t<\/div>\n\t\t\t\t\t<\/div>\n\t\t<\/section>\n\t\t\t\t<section class=\"elementor-section elementor-top-section elementor-element elementor-element-2067b0f elementor-section-boxed elementor-section-height-default elementor-section-height-default\" data-id=\"2067b0f\" data-element_type=\"section\" data-e-type=\"section\">\n\t\t\t\t\t\t<div class=\"elementor-container elementor-column-gap-default\">\n\t\t\t\t\t<div class=\"elementor-column elementor-col-33 elementor-top-column elementor-element elementor-element-7f20007\" data-id=\"7f20007\" data-element_type=\"column\" data-e-type=\"column\">\n\t\t\t<div class=\"elementor-widget-wrap elementor-element-populated\">\n\t\t\t\t\t\t<div class=\"elementor-element elementor-element-0b16a08 elementor-widget elementor-widget-image-gallery\" data-id=\"0b16a08\" data-element_type=\"widget\" data-e-type=\"widget\" data-widget_type=\"image-gallery.default\">\n\t\t\t\t<div class=\"elementor-widget-container\">\n\t\t\t\t\t\t\t<div class=\"elementor-image-gallery\">\n\t\t\t<div id='gallery-1' class='gallery galleryid-719 gallery-columns-1 gallery-size-ashe-list-thumbnail'><figure class='gallery-item'>\n\t\t\t<div class='gallery-icon landscape'>\n\t\t\t\t<a data-elementor-open-lightbox=\"yes\" data-elementor-lightbox-slideshow=\"0b16a08\" data-elementor-lightbox-title=\"Atelier fumigation Aur\u00e9 des bois\" data-e-action-hash=\"#elementor-action%3Aaction%3Dlightbox%26settings%3DeyJpZCI6MTI2NSwidXJsIjoiaHR0cHM6XC9cL2F1cmVsaWFkb3VsYS5mclwvd3AtY29udGVudFwvdXBsb2Fkc1wvMjAyM1wvMDVcL0lNR18yMDIwMDcxN18xNDM0NDQtc2NhbGVkLWUxNjgzODc1MDAwNjA2LmpwZyIsInNsaWRlc2hvdyI6IjBiMTZhMDgifQ%3D%3D\" href='https:\/\/aureliadoula.fr\/wp-content\/uploads\/2023\/05\/IMG_20200717_143444-scaled-e1683875000606.jpg'><img fetchpriority=\"high\" decoding=\"async\" width=\"300\" height=\"300\" src=\"https:\/\/aureliadoula.fr\/wp-content\/uploads\/2023\/05\/IMG_20200717_143444-scaled-e1683875000606-300x300.jpg\" class=\"attachment-ashe-list-thumbnail size-ashe-list-thumbnail\" alt=\"Atelier b\u00e2tons de fumigation Aur\u00e9 des bois plantes locales\" srcset=\"https:\/\/aureliadoula.fr\/wp-content\/uploads\/2023\/05\/IMG_20200717_143444-scaled-e1683875000606-300x300.jpg 300w, https:\/\/aureliadoula.fr\/wp-content\/uploads\/2023\/05\/IMG_20200717_143444-scaled-e1683875000606-1024x1024.jpg 1024w, https:\/\/aureliadoula.fr\/wp-content\/uploads\/2023\/05\/IMG_20200717_143444-scaled-e1683875000606-150x150.jpg 150w, https:\/\/aureliadoula.fr\/wp-content\/uploads\/2023\/05\/IMG_20200717_143444-scaled-e1683875000606-768x768.jpg 768w, https:\/\/aureliadoula.fr\/wp-content\/uploads\/2023\/05\/IMG_20200717_143444-scaled-e1683875000606-1536x1536.jpg 1536w, https:\/\/aureliadoula.fr\/wp-content\/uploads\/2023\/05\/IMG_20200717_143444-scaled-e1683875000606-1140x1140.jpg 1140w, https:\/\/aureliadoula.fr\/wp-content\/uploads\/2023\/05\/IMG_20200717_143444-scaled-e1683875000606-75x75.jpg 75w, https:\/\/aureliadoula.fr\/wp-content\/uploads\/2023\/05\/IMG_20200717_143444-scaled-e1683875000606.jpg 1920w\" sizes=\"(max-width: 300px) 100vw, 300px\" \/><\/a>\n\t\t\t<\/div><\/figure><figure class='gallery-item'>\n\t\t\t<div class='gallery-icon landscape'>\n\t\t\t\t<a data-elementor-open-lightbox=\"yes\" data-elementor-lightbox-slideshow=\"0b16a08\" data-elementor-lightbox-title=\"aure_des_bois_remedes_3\" data-e-action-hash=\"#elementor-action%3Aaction%3Dlightbox%26settings%3DeyJpZCI6NzI3LCJ1cmwiOiJodHRwczpcL1wvYXVyZWxpYWRvdWxhLmZyXC93cC1jb250ZW50XC91cGxvYWRzXC8yMDIyXC8wMVwvYXVyZV9kZXNfYm9pc19yZW1lZGVzXzMuanBnIiwic2xpZGVzaG93IjoiMGIxNmEwOCJ9\" href='https:\/\/aureliadoula.fr\/wp-content\/uploads\/2022\/01\/aure_des_bois_remedes_3.jpg'><img decoding=\"async\" width=\"300\" height=\"300\" src=\"https:\/\/aureliadoula.fr\/wp-content\/uploads\/2022\/01\/aure_des_bois_remedes_3-300x300.jpg\" class=\"attachment-ashe-list-thumbnail size-ashe-list-thumbnail\" alt=\"Aur\u00e9 des bois ateliers plantes\" srcset=\"https:\/\/aureliadoula.fr\/wp-content\/uploads\/2022\/01\/aure_des_bois_remedes_3-300x300.jpg 300w, https:\/\/aureliadoula.fr\/wp-content\/uploads\/2022\/01\/aure_des_bois_remedes_3-150x150.jpg 150w, https:\/\/aureliadoula.fr\/wp-content\/uploads\/2022\/01\/aure_des_bois_remedes_3-75x75.jpg 75w\" sizes=\"(max-width: 300px) 100vw, 300px\" \/><\/a>\n\t\t\t<\/div><\/figure>\n\t\t<\/div>\n\t\t<\/div>\n\t\t\t\t\t\t<\/div>\n\t\t\t\t<\/div>\n\t\t\t\t\t<\/div>\n\t\t<\/div>\n\t\t\t\t<div class=\"elementor-column elementor-col-66 elementor-top-column elementor-element elementor-element-1312329\" data-id=\"1312329\" data-element_type=\"column\" data-e-type=\"column\">\n\t\t\t<div class=\"elementor-widget-wrap elementor-element-populated\">\n\t\t\t\t\t\t<div class=\"elementor-element elementor-element-68c066c elementor-widget elementor-widget-text-editor\" data-id=\"68c066c\" data-element_type=\"widget\" data-e-type=\"widget\" data-widget_type=\"text-editor.default\">\n\t\t\t\t<div class=\"elementor-widget-container\">\n\t\t\t\t\t\t\t\t\t<p><b>Se soigner avec les plantes, rem\u00e8des de base<\/b><\/p><p>R\u00e9alisation de diff\u00e9rentes pr\u00e9parations au choix : tisane, mac\u00e9ration huileuse, baume en fonction des saisons ou th\u00e9matiques choisies.<\/p>\t\t\t\t\t\t\t\t<\/div>\n\t\t\t\t<\/div>\n\t\t\t\t<div class=\"elementor-element elementor-element-381728e elementor-widget elementor-widget-html\" data-id=\"381728e\" data-element_type=\"widget\" data-e-type=\"widget\" data-widget_type=\"html.default\">\n\t\t\t\t<div class=\"elementor-widget-container\">\n\t\t\t\t\t<style>\r\n    table{\r\n        background: URL('https:\/\/aureliadoula.fr\/wp-content\/uploads\/2020\/10\/018-subtle-light-patterns-vol04_2-copie.jpg');\r\n    }\r\n    table.tarifs .prix{\r\n        font-size: 1.5em;\r\n        font-weight: 600;\r\n    }\r\n\r\n    table.tarifs td i{\r\n        font-style: italic;\r\n    }\r\n\r\n    table.tarifs td, table.tarifs th{\r\n        text-align: center;\r\n    }\r\n    \r\n    table.tarifs th{\r\n        \r\n    }\r\n    \r\n<\/style>\r\n<div style=\"overflow: auto;\">\r\n<table class='tarifs' style='width: 100%;'>\r\n    <thead>\r\n        <tr>\r\n            <th><h4 class='elementor-heading-title elementor-size-default'>1 pr\u00e9paration au choix<\/h4><\/th>\r\n            <th><h4 class='elementor-heading-title elementor-size-default'>2 pr\u00e9parations au choix<\/h4><\/th>\r\n            <th><h4 class='elementor-heading-title elementor-size-default'>3 pr\u00e9parations au choix<\/h4><\/th>\r\n        <\/tr>\r\n    <\/thead>\r\n    <tbody>\r\n        <tr>\r\n            <td class=''><span class='desc'>Atelier de 45 min\/1h<\/span><\/td>\r\n            <td class=''><span class='desc'><\/span>Atelier de 1h30<br><i><\/i><\/td>\r\n            <td class=''><span class='desc'><\/span>Atelier de 2h<br><\/td>\r\n        <\/tr>\r\n        <tr>\r\n            <td class='prix'>11\u20ac\/pers.<\/td>\r\n            <td class='prix'>21\u20ac\/pers.<\/td>\r\n            <td class='prix'>31\u20ac\/pers.<\/td>\r\n        <\/tr>\r\n    <\/tbody>\r\n<\/table>\r\n<\/div>\t\t\t\t<\/div>\n\t\t\t\t<\/div>\n\t\t\t\t<div class=\"elementor-element elementor-element-7b062bc elementor-widget elementor-widget-text-editor\" data-id=\"7b062bc\" data-element_type=\"widget\" data-e-type=\"widget\" data-widget_type=\"text-editor.default\">\n\t\t\t\t<div class=\"elementor-widget-container\">\n\t\t\t\t\t\t\t\t\t<p><span style=\"font-weight: bold;\">Saponification \u00e0 froid<\/span><\/p><p>Cr\u00e9ation d\u2019un savon personnalis\u00e9 gr\u00e2ce \u00e0 la technique de saponification \u00e0 froid (5 personnes maximum).<\/p>\t\t\t\t\t\t\t\t<\/div>\n\t\t\t\t<\/div>\n\t\t\t\t<div class=\"elementor-element elementor-element-4845b3a elementor-widget elementor-widget-html\" data-id=\"4845b3a\" data-element_type=\"widget\" data-e-type=\"widget\" data-widget_type=\"html.default\">\n\t\t\t\t<div class=\"elementor-widget-container\">\n\t\t\t\t\t<style>\r\n    table{\r\n        background: URL('https:\/\/aureliadoula.fr\/wp-content\/uploads\/2020\/10\/018-subtle-light-patterns-vol04_2-copie.jpg');\r\n    }\r\n    table.tarifs .prix{\r\n        font-size: 1.5em;\r\n        font-weight: 600;\r\n    }\r\n\r\n    table.tarifs td i{\r\n        font-style: italic;\r\n    }\r\n\r\n    table.tarifs td, table.tarifs th{\r\n        text-align: center;\r\n    }\r\n    \r\n    table.tarifs th{\r\n        \r\n    }\r\n    \r\n<\/style>\r\n<div style=\"overflow: auto;\">\r\n<table class='tarifs' style='width: 100%;'>\r\n    <thead>\r\n        <tr>\r\n            <th><h4 class='elementor-heading-title elementor-size-default'>Saponification<\/h4><\/th><\/th>\r\n        <\/tr>\r\n    <\/thead>\r\n    <tbody>\r\n        <tr>\r\n            <td class=''><span class='desc'>Atelier de 2h<\/span>\r\n        <\/tr>\r\n        <tr>\r\n            <td class='prix'>41\u20ac\/pers.<\/td>\r\n        <\/tr>\r\n    <\/tbody>\r\n<\/table>\r\n<\/div>\t\t\t\t<\/div>\n\t\t\t\t<\/div>\n\t\t\t\t\t<\/div>\n\t\t<\/div>\n\t\t\t\t\t<\/div>\n\t\t<\/section>\n\t\t\t\t<\/div>\n\t\t","protected":false},"excerpt":{"rendered":"<p>Ateliers autour des plantes Se soigner avec les plantes, rem\u00e8des de base R\u00e9alisation de diff\u00e9rentes pr\u00e9parations au choix : tisane, mac\u00e9ration huileuse, baume en fonction des saisons ou th\u00e9matiques choisies. 1 pr\u00e9paration au choix 2 pr\u00e9parations au choix 3 pr\u00e9parations au choix Atelier de 45 min\/1h Atelier de 1h30 Atelier de 2h 11\u20ac\/pers. 21\u20ac\/pers. 31\u20ac\/pers. Saponification \u00e0 froid Cr\u00e9ation d\u2019un savon personnalis\u00e9 gr\u00e2ce \u00e0 la technique de saponification \u00e0 froid (5 personnes maximum). Saponification Atelier de 2h 41\u20ac\/pers.<\/p>\n","protected":false},"author":2,"featured_media":0,"parent":0,"menu_order":0,"comment_status":"closed","ping_status":"closed","template":"","meta":{"footnotes":""},"class_list":["post-719","page","type-page","status-publish","hentry"],"_links":{"self":[{"href":"https:\/\/aureliadoula.fr\/index.php\/wp-json\/wp\/v2\/pages\/719","targetHints":{"allow":["GET"]}}],"collection":[{"href":"https:\/\/aureliadoula.fr\/index.php\/wp-json\/wp\/v2\/pages"}],"about":[{"href":"https:\/\/aureliadoula.fr\/index.php\/wp-json\/wp\/v2\/types\/page"}],"author":[{"embeddable":true,"href":"https:\/\/aureliadoula.fr\/index.php\/wp-json\/wp\/v2\/users\/2"}],"replies":[{"embeddable":true,"href":"https:\/\/aureliadoula.fr\/index.php\/wp-json\/wp\/v2\/comments?post=719"}],"version-history":[{"count":24,"href":"https:\/\/aureliadoula.fr\/index.php\/wp-json\/wp\/v2\/pages\/719\/revisions"}],"predecessor-version":[{"id":1342,"href":"https:\/\/aureliadoula.fr\/index.php\/wp-json\/wp\/v2\/pages\/719\/revisions\/1342"}],"wp:attachment":[{"href":"https:\/\/aureliadoula.fr\/index.php\/wp-json\/wp\/v2\/media?parent=719"}],"curies":[{"name":"wp","href":"https:\/\/api.w.org\/{rel}","templated":true}]}}