{"id":8,"date":"2020-10-24T14:45:16","date_gmt":"2020-10-24T12:45:16","guid":{"rendered":"http:\/\/aureliadoula.fr\/?page_id=8"},"modified":"2025-01-02T20:35:55","modified_gmt":"2025-01-02T19:35:55","slug":"accompagnement","status":"publish","type":"page","link":"https:\/\/aureliadoula.fr\/index.php\/accompagnement\/","title":{"rendered":"Accompagnement"},"content":{"rendered":"\t\t<div data-elementor-type=\"wp-page\" data-elementor-id=\"8\" class=\"elementor elementor-8\">\n\t\t\t\t\t\t<section class=\"elementor-section elementor-top-section elementor-element elementor-element-0436440 elementor-section-boxed elementor-section-height-default elementor-section-height-default\" data-id=\"0436440\" data-element_type=\"section\" data-e-type=\"section\">\n\t\t\t\t\t\t<div class=\"elementor-container elementor-column-gap-default\">\n\t\t\t\t\t<div class=\"elementor-column elementor-col-33 elementor-top-column elementor-element elementor-element-49ddcdd\" data-id=\"49ddcdd\" data-element_type=\"column\" data-e-type=\"column\">\n\t\t\t<div class=\"elementor-widget-wrap elementor-element-populated\">\n\t\t\t\t\t\t<div class=\"elementor-element elementor-element-d632ccc elementor-widget elementor-widget-image-gallery\" data-id=\"d632ccc\" data-element_type=\"widget\" data-e-type=\"widget\" data-widget_type=\"image-gallery.default\">\n\t\t\t\t<div class=\"elementor-widget-container\">\n\t\t\t\t\t\t\t<div class=\"elementor-image-gallery\">\n\t\t\t<div id='gallery-1' class='gallery galleryid-8 gallery-columns-1 gallery-size-ashe-list-thumbnail'><figure class='gallery-item'>\n\t\t\t<div class='gallery-icon landscape'>\n\t\t\t\t<a data-elementor-open-lightbox=\"yes\" data-elementor-lightbox-slideshow=\"d632ccc\" data-elementor-lightbox-title=\"aureliadoula_accompagnement\" data-e-action-hash=\"#elementor-action%3Aaction%3Dlightbox%26settings%3DeyJpZCI6MTI4MCwidXJsIjoiaHR0cHM6XC9cL2F1cmVsaWFkb3VsYS5mclwvd3AtY29udGVudFwvdXBsb2Fkc1wvMjAyM1wvMDVcL2F1cmVsaWFkb3VsYV9hY2NvbXBhZ25lbWVudC1lMTY4Mzg3NTY4Njg0My5qcGciLCJzbGlkZXNob3ciOiJkNjMyY2NjIn0%3D\" href='https:\/\/aureliadoula.fr\/wp-content\/uploads\/2023\/05\/aureliadoula_accompagnement-e1683875686843.jpg'><img fetchpriority=\"high\" decoding=\"async\" width=\"300\" height=\"300\" src=\"https:\/\/aureliadoula.fr\/wp-content\/uploads\/2023\/05\/aureliadoula_accompagnement-e1683875686843-300x300.jpg\" class=\"attachment-ashe-list-thumbnail size-ashe-list-thumbnail\" alt=\"Aur\u00e9lia Doula accompagnement pr\u00e9natal postnatal accouchement\" srcset=\"https:\/\/aureliadoula.fr\/wp-content\/uploads\/2023\/05\/aureliadoula_accompagnement-e1683875686843-300x300.jpg 300w, https:\/\/aureliadoula.fr\/wp-content\/uploads\/2023\/05\/aureliadoula_accompagnement-e1683875686843-1024x1024.jpg 1024w, https:\/\/aureliadoula.fr\/wp-content\/uploads\/2023\/05\/aureliadoula_accompagnement-e1683875686843-150x150.jpg 150w, https:\/\/aureliadoula.fr\/wp-content\/uploads\/2023\/05\/aureliadoula_accompagnement-e1683875686843-768x768.jpg 768w, https:\/\/aureliadoula.fr\/wp-content\/uploads\/2023\/05\/aureliadoula_accompagnement-e1683875686843-75x75.jpg 75w, https:\/\/aureliadoula.fr\/wp-content\/uploads\/2023\/05\/aureliadoula_accompagnement-e1683875686843.jpg 1078w\" sizes=\"(max-width: 300px) 100vw, 300px\" \/><\/a>\n\t\t\t<\/div><\/figure><figure class='gallery-item'>\n\t\t\t<div class='gallery-icon landscape'>\n\t\t\t\t<a data-elementor-open-lightbox=\"yes\" data-elementor-lightbox-slideshow=\"d632ccc\" data-elementor-lightbox-title=\"Aur\u00e9lia Doula activit\u00e9s\" data-e-action-hash=\"#elementor-action%3Aaction%3Dlightbox%26settings%3DeyJpZCI6MTE0NSwidXJsIjoiaHR0cHM6XC9cL2F1cmVsaWFkb3VsYS5mclwvd3AtY29udGVudFwvdXBsb2Fkc1wvMjAyMlwvMTJcL2FjdGl2aXRlc19hdXJlbGlhZG91bGEtc2NhbGVkLmpwZyIsInNsaWRlc2hvdyI6ImQ2MzJjY2MifQ%3D%3D\" href='https:\/\/aureliadoula.fr\/wp-content\/uploads\/2022\/12\/activites_aureliadoula-scaled.jpg'><img decoding=\"async\" width=\"300\" height=\"300\" src=\"https:\/\/aureliadoula.fr\/wp-content\/uploads\/2022\/12\/activites_aureliadoula-300x300.jpg\" class=\"attachment-ashe-list-thumbnail size-ashe-list-thumbnail\" alt=\"Aur\u00e9lia Doula activit\u00e9s\" srcset=\"https:\/\/aureliadoula.fr\/wp-content\/uploads\/2022\/12\/activites_aureliadoula-300x300.jpg 300w, https:\/\/aureliadoula.fr\/wp-content\/uploads\/2022\/12\/activites_aureliadoula-1024x1024.jpg 1024w, https:\/\/aureliadoula.fr\/wp-content\/uploads\/2022\/12\/activites_aureliadoula-150x150.jpg 150w, https:\/\/aureliadoula.fr\/wp-content\/uploads\/2022\/12\/activites_aureliadoula-768x768.jpg 768w, https:\/\/aureliadoula.fr\/wp-content\/uploads\/2022\/12\/activites_aureliadoula-1536x1536.jpg 1536w, https:\/\/aureliadoula.fr\/wp-content\/uploads\/2022\/12\/activites_aureliadoula-2048x2048.jpg 2048w, https:\/\/aureliadoula.fr\/wp-content\/uploads\/2022\/12\/activites_aureliadoula-1140x1140.jpg 1140w, https:\/\/aureliadoula.fr\/wp-content\/uploads\/2022\/12\/activites_aureliadoula-75x75.jpg 75w\" sizes=\"(max-width: 300px) 100vw, 300px\" \/><\/a>\n\t\t\t<\/div><\/figure><figure class='gallery-item'>\n\t\t\t<div class='gallery-icon landscape'>\n\t\t\t\t<a data-elementor-open-lightbox=\"yes\" data-elementor-lightbox-slideshow=\"d632ccc\" data-elementor-lightbox-title=\"aureliadoula_ressources\" data-e-action-hash=\"#elementor-action%3Aaction%3Dlightbox%26settings%3DeyJpZCI6MTM0NiwidXJsIjoiaHR0cHM6XC9cL2F1cmVsaWFkb3VsYS5mclwvd3AtY29udGVudFwvdXBsb2Fkc1wvMjAyM1wvMDVcL2F1cmVsaWFkb3VsYV9yZXNzb3VyY2VzLmpwZyIsInNsaWRlc2hvdyI6ImQ2MzJjY2MifQ%3D%3D\" href='https:\/\/aureliadoula.fr\/wp-content\/uploads\/2023\/05\/aureliadoula_ressources.jpg'><img decoding=\"async\" width=\"300\" height=\"300\" src=\"https:\/\/aureliadoula.fr\/wp-content\/uploads\/2023\/05\/aureliadoula_ressources-300x300.jpg\" class=\"attachment-ashe-list-thumbnail size-ashe-list-thumbnail\" alt=\"\" srcset=\"https:\/\/aureliadoula.fr\/wp-content\/uploads\/2023\/05\/aureliadoula_ressources-300x300.jpg 300w, https:\/\/aureliadoula.fr\/wp-content\/uploads\/2023\/05\/aureliadoula_ressources-1024x1024.jpg 1024w, https:\/\/aureliadoula.fr\/wp-content\/uploads\/2023\/05\/aureliadoula_ressources-150x150.jpg 150w, https:\/\/aureliadoula.fr\/wp-content\/uploads\/2023\/05\/aureliadoula_ressources-768x768.jpg 768w, https:\/\/aureliadoula.fr\/wp-content\/uploads\/2023\/05\/aureliadoula_ressources-1536x1536.jpg 1536w, https:\/\/aureliadoula.fr\/wp-content\/uploads\/2023\/05\/aureliadoula_ressources-2048x2048.jpg 2048w, https:\/\/aureliadoula.fr\/wp-content\/uploads\/2023\/05\/aureliadoula_ressources-1140x1140.jpg 1140w, https:\/\/aureliadoula.fr\/wp-content\/uploads\/2023\/05\/aureliadoula_ressources-75x75.jpg 75w\" sizes=\"(max-width: 300px) 100vw, 300px\" \/><\/a>\n\t\t\t<\/div><\/figure>\n\t\t<\/div>\n\t\t<\/div>\n\t\t\t\t\t\t<\/div>\n\t\t\t\t<\/div>\n\t\t\t\t\t<\/div>\n\t\t<\/div>\n\t\t\t\t<div class=\"elementor-column elementor-col-66 elementor-top-column elementor-element elementor-element-1f86b4a\" data-id=\"1f86b4a\" data-element_type=\"column\" data-e-type=\"column\">\n\t\t\t<div class=\"elementor-widget-wrap elementor-element-populated\">\n\t\t\t\t\t\t<div class=\"elementor-element elementor-element-08a548b elementor-widget elementor-widget-heading\" data-id=\"08a548b\" data-element_type=\"widget\" data-e-type=\"widget\" data-widget_type=\"heading.default\">\n\t\t\t\t<div class=\"elementor-widget-container\">\n\t\t\t\t\t<h2 class=\"elementor-heading-title elementor-size-default\">Accompagnements<\/h2>\t\t\t\t<\/div>\n\t\t\t\t<\/div>\n\t\t\t\t<div class=\"elementor-element elementor-element-b8d0bd5 elementor-widget elementor-widget-text-editor\" data-id=\"b8d0bd5\" data-element_type=\"widget\" data-e-type=\"widget\" data-widget_type=\"text-editor.default\">\n\t\t\t\t<div class=\"elementor-widget-container\">\n\t\t\t\t\t\t\t\t\t<p><strong>Information, \u00e9coute, pr\u00e9sence, soutien<\/strong> en pr\u00e9conception, tout au long de votre grossesse, votre accouchement et pendant la p\u00e9riode du postnatal. Diff\u00e9rentes formules d\u2019accompagnement pour s\u2019adapter \u00e0 vos besoins car chaque exp\u00e9rience est unique !<\/p><h4><span style=\"color: #808000;\">Contenu des rencontres<\/span><\/h4><p>Lors des <strong>rencontres d\u20191h30<\/strong> \u00e0 votre domicile, je pourrai r\u00e9pondre \u00e0 vos questions, vous apporter de l\u2019information sur des sujets vari\u00e9s en fonction de votre situation :\u00a0<\/p><p>&gt; <strong>pr\u00e9conception<\/strong> : discussion autour de votre projet, si besoin soutien de la fertilit\u00e9 et de la sant\u00e9 f\u00e9minine (conseils en plantes et vapeurs p\u00e9rin\u00e9ales)<\/p><p>&gt; <strong>pr\u00e9natal<\/strong> : maux de grossesse, alimentation, plantes, petits exercices, hormones de l\u2019accouchement, douleur, accouchement physiologique, pr\u00e9paration du projet de naissance et du postnatal<\/p><p>&gt; <strong>postnatal<\/strong> : au choix ou sur plusieurs s\u00e9ances : \u00e9coute et retour sur votre accouchement, courses et cuisine \u00e0 domicile, soins (cataplasmes, massages, bain de vapeurs ou de si\u00e8ge,\u00a0<span style=\"font-family: var( --e-global-typography-text-font-family ), Sans-serif; font-weight: var( --e-global-typography-text-font-weight ); letter-spacing: 0px;\">serrage de bassin<\/span><span style=\"font-family: var( --e-global-typography-text-font-family ), Sans-serif; font-weight: var( --e-global-typography-text-font-weight ); letter-spacing: 0px;\">), soutien et redirection vers d\u2019autres professionnels si besoin.<\/span><\/p><h4><span style=\"color: #808000;\">Astreinte et pr\u00e9sence \u00e0 l&rsquo;accouchement<\/span><\/h4><p>Je peux \u00e9galement \u00eatre pr\u00e9sente \u00e0 votre <strong>accouchement<\/strong> : je me tiens disponible 24H\/24 pendant 4 semaines avant et 1 semaine apr\u00e8s votre DPA pour vous rejoindre \u00e0 la maternit\u00e9 ou \u00e0 votre domicile lorsque le travail est bien engag\u00e9. Je serai l\u00e0 en soutien \u00e9motionnel et physique, gardienne de votre bulle avec votre partenaire. Je pourrai proposer des outils, des techniques pour vous soulager, ou juste \u00eatre le t\u00e9moin privil\u00e9gi\u00e9 de ce magnifique et puissant passage de vie.<\/p><h4><span style=\"color: #808000;\">Suivi<\/span>\u00a0<\/h4><p>Le <strong>suivi<\/strong> continue entre nos rencontres (par t\u00e9l\u00e9phone, mail, sms&#8230;) ; je vous donne \u00e9galement acc\u00e8s \u00e0 un espace partag\u00e9 (Drive) dans lequel vous retrouverez des ressources pour aller plus loin et vous pourrez aussi emprunter des livres de\u00a0ma biblioth\u00e8que\u00a0que j&rsquo;enrichis au fil du temps !<\/p><p><em>Cet accompagnement ne se substitue pas \u00e0 un suivi m\u00e9dical.<\/em><\/p>\t\t\t\t\t\t\t\t<\/div>\n\t\t\t\t<\/div>\n\t\t\t\t\t<\/div>\n\t\t<\/div>\n\t\t\t\t\t<\/div>\n\t\t<\/section>\n\t\t\t\t<section class=\"elementor-section elementor-top-section elementor-element elementor-element-a45ecf7 elementor-section-boxed elementor-section-height-default elementor-section-height-default\" data-id=\"a45ecf7\" data-element_type=\"section\" data-e-type=\"section\">\n\t\t\t\t\t\t<div class=\"elementor-container elementor-column-gap-default\">\n\t\t\t\t\t<div class=\"elementor-column elementor-col-100 elementor-top-column elementor-element elementor-element-9e24af4\" data-id=\"9e24af4\" data-element_type=\"column\" data-e-type=\"column\">\n\t\t\t<div class=\"elementor-widget-wrap elementor-element-populated\">\n\t\t\t\t\t\t<div class=\"elementor-element elementor-element-476cf0c elementor-widget elementor-widget-html\" data-id=\"476cf0c\" data-element_type=\"widget\" data-e-type=\"widget\" data-widget_type=\"html.default\">\n\t\t\t\t<div class=\"elementor-widget-container\">\n\t\t\t\t\t<style>\r\n    table{\r\n        background: URL('https:\/\/aureliadoula.fr\/wp-content\/uploads\/2020\/10\/018-subtle-light-patterns-vol04_2-copie.jpg');\r\n    }\r\n    table.tarifs .prix{\r\n        font-size: 1.5em;\r\n        font-weight: 600;\r\n    }\r\n\r\n    table.tarifs td i{\r\n        font-style: italic;\r\n    }\r\n\r\n    table.tarifs td, table.tarifs th{\r\n        text-align: center;\r\n    }\r\n    \r\n    table.tarifs th{\r\n        \r\n    }\r\n    \r\n<\/style>\r\n<div style=\"overflow: auto;\">\r\n<table class='tarifs' style='width: 100%;'>\r\n    <thead>\r\n        <tr>\r\n            <th><h4 class='elementor-heading-title elementor-size-default'>1 rencontre<\/h4><\/th>\r\n            <th><h4 class='elementor-heading-title elementor-size-default'>\u00e0 partir de 5 rencontres<\/h4><\/th>\r\n            <th><h4 class='elementor-heading-title elementor-size-default'>astreinte + accouchement<\/h4><\/th>\r\n\r\n             <td class=''><span class='desc'><\/span\r\n        <\/tr>\r\n        <tr>\r\n            <td class='prix'>75\u20ac la s\u00e9ance<\/td>\r\n            <td class='prix'>70\u20ac la s\u00e9ance<\/td>\r\n            <td class='prix'>400\u20ac<\/td>\r\n        <\/tr>\r\n    <\/tbody>\r\n<\/table>\r\n<\/div>\t\t\t\t<\/div>\n\t\t\t\t<\/div>\n\t\t\t\t<div class=\"elementor-element elementor-element-c9c608f elementor-widget elementor-widget-heading\" data-id=\"c9c608f\" data-element_type=\"widget\" data-e-type=\"widget\" data-widget_type=\"heading.default\">\n\t\t\t\t<div class=\"elementor-widget-container\">\n\t\t\t\t\t<h2 class=\"elementor-heading-title elementor-size-default\">Premi\u00e8re visio de 20 minutes offerte !<\/h2>\t\t\t\t<\/div>\n\t\t\t\t<\/div>\n\t\t\t\t<div class=\"elementor-element elementor-element-0bf5c79 elementor-widget elementor-widget-text-editor\" data-id=\"0bf5c79\" data-element_type=\"widget\" data-e-type=\"widget\" data-widget_type=\"text-editor.default\">\n\t\t\t\t<div class=\"elementor-widget-container\">\n\t\t\t\t\t\t\t\t\t<p style=\"text-align: center;\"><span style=\"font-family: var( --e-global-typography-text-font-family ), Sans-serif; font-weight: var( --e-global-typography-text-font-weight ); letter-spacing: 0px;\">Nous discutons de votre projet et de l&rsquo;accompagnement le plus adapt\u00e9 \u00e0 vos besoins et possibilit\u00e9s, n&rsquo;h\u00e9sitez pas \u00e0 <a href=\"https:\/\/aureliadoula.fr\/index.php\/contact\/\">me contacter<\/a> !<\/span><\/p><p style=\"text-align: center;\">Je me d\u00e9place \u00e0 votre domicile dans un p\u00e9rim\u00e8tre de 45km autour de Provins (Seine-et-Marne 77, Aube 10, Marne 51, Yonne 89).<br \/>Des accompagnements \u00e0 distance sont possibles !<\/p>\t\t\t\t\t\t\t\t<\/div>\n\t\t\t\t<\/div>\n\t\t\t\t\t<\/div>\n\t\t<\/div>\n\t\t\t\t\t<\/div>\n\t\t<\/section>\n\t\t\t\t<section class=\"elementor-section elementor-top-section elementor-element elementor-element-9f8008d elementor-section-boxed elementor-section-height-default elementor-section-height-default\" data-id=\"9f8008d\" data-element_type=\"section\" data-e-type=\"section\">\n\t\t\t\t\t\t<div class=\"elementor-container elementor-column-gap-default\">\n\t\t\t\t\t<div class=\"elementor-column elementor-col-100 elementor-top-column elementor-element elementor-element-98f9104\" data-id=\"98f9104\" data-element_type=\"column\" data-e-type=\"column\">\n\t\t\t<div class=\"elementor-widget-wrap elementor-element-populated\">\n\t\t\t\t\t\t<div class=\"elementor-element elementor-element-fc1cc3d elementor-widget elementor-widget-video\" data-id=\"fc1cc3d\" data-element_type=\"widget\" data-e-type=\"widget\" data-settings=\"{&quot;youtube_url&quot;:&quot;https:\\\/\\\/www.youtube.com\\\/watch?v=2prSLdyMW-c&quot;,&quot;autoplay&quot;:&quot;yes&quot;,&quot;video_type&quot;:&quot;youtube&quot;,&quot;controls&quot;:&quot;yes&quot;}\" data-widget_type=\"video.default\">\n\t\t\t\t<div class=\"elementor-widget-container\">\n\t\t\t\t\t\t\t<div class=\"elementor-wrapper elementor-open-inline\">\n\t\t\t<div class=\"elementor-video\"><\/div>\t\t<\/div>\n\t\t\t\t\t\t<\/div>\n\t\t\t\t<\/div>\n\t\t\t\t\t<\/div>\n\t\t<\/div>\n\t\t\t\t\t<\/div>\n\t\t<\/section>\n\t\t\t\t<section class=\"elementor-section elementor-top-section elementor-element elementor-element-ebae91d elementor-section-boxed elementor-section-height-default elementor-section-height-default\" data-id=\"ebae91d\" data-element_type=\"section\" data-e-type=\"section\">\n\t\t\t\t\t\t<div class=\"elementor-container elementor-column-gap-default\">\n\t\t\t\t\t<div class=\"elementor-column elementor-col-100 elementor-top-column elementor-element elementor-element-224929e\" data-id=\"224929e\" data-element_type=\"column\" data-e-type=\"column\">\n\t\t\t<div class=\"elementor-widget-wrap elementor-element-populated\">\n\t\t\t\t\t\t<div class=\"elementor-element elementor-element-21b6e1c elementor-widget elementor-widget-text-editor\" data-id=\"21b6e1c\" data-element_type=\"widget\" data-e-type=\"widget\" data-widget_type=\"text-editor.default\">\n\t\t\t\t<div class=\"elementor-widget-container\">\n\t\t\t\t\t\t\t\t\t<p>Pour aller plus loin, un <a href=\"https:\/\/www.youtube.com\/watch?v=naLBBn0PyLw\">reportage de La Maison des Maternelles<\/a> sur une conseill\u00e8re en p\u00e9rinatalit\u00e9 (doula) !<\/p>\t\t\t\t\t\t\t\t<\/div>\n\t\t\t\t<\/div>\n\t\t\t\t\t<\/div>\n\t\t<\/div>\n\t\t\t\t\t<\/div>\n\t\t<\/section>\n\t\t\t\t<\/div>\n\t\t","protected":false},"excerpt":{"rendered":"<p>Accompagnements Information, \u00e9coute, pr\u00e9sence, soutien en pr\u00e9conception, tout au long de votre grossesse, votre accouchement et pendant la p\u00e9riode du postnatal. Diff\u00e9rentes formules d\u2019accompagnement pour s\u2019adapter \u00e0 vos besoins car chaque exp\u00e9rience est unique ! Contenu des rencontres Lors des rencontres d\u20191h30 \u00e0 votre domicile, je pourrai r\u00e9pondre \u00e0 vos questions, vous apporter de l\u2019information sur des sujets vari\u00e9s en fonction de votre situation :\u00a0 &gt; pr\u00e9conception : discussion autour de votre projet, si besoin soutien de la fertilit\u00e9 et de la sant\u00e9 f\u00e9minine (conseils en plantes et vapeurs p\u00e9rin\u00e9ales) &gt; pr\u00e9natal : maux de grossesse, alimentation, plantes, petits exercices, hormones de l\u2019accouchement, douleur, accouchement physiologique, pr\u00e9paration du projet de naissance et du postnatal &gt; postnatal : au choix ou sur plusieurs s\u00e9ances : \u00e9coute et retour sur votre accouchement, courses et cuisine \u00e0 domicile, soins (cataplasmes, massages, bain de vapeurs ou de si\u00e8ge,\u00a0serrage de bassin), soutien et redirection vers d\u2019autres professionnels si besoin. Astreinte et pr\u00e9sence \u00e0 l&rsquo;accouchement Je peux \u00e9galement \u00eatre pr\u00e9sente \u00e0 votre accouchement : je me tiens disponible 24H\/24 pendant 4 semaines avant et 1 semaine apr\u00e8s votre DPA pour vous rejoindre \u00e0 la maternit\u00e9 ou \u00e0 votre domicile lorsque le travail est bien engag\u00e9. Je serai l\u00e0 en soutien \u00e9motionnel et physique, gardienne de votre bulle avec votre partenaire. Je pourrai proposer des outils, des techniques pour vous soulager, ou juste \u00eatre le t\u00e9moin privil\u00e9gi\u00e9 de ce magnifique et puissant passage de vie. Suivi\u00a0 Le suivi continue entre nos rencontres (par t\u00e9l\u00e9phone, mail, sms&#8230;) ; je vous donne \u00e9galement acc\u00e8s \u00e0 un espace partag\u00e9 (Drive) dans lequel vous retrouverez des ressources pour aller plus loin et vous pourrez aussi emprunter des livres de\u00a0ma biblioth\u00e8que\u00a0que j&rsquo;enrichis au fil du temps ! Cet accompagnement ne se substitue pas \u00e0 un suivi m\u00e9dical. 1 rencontre \u00e0 partir de 5 rencontres astreinte + accouchement 75\u20ac la s\u00e9ance 70\u20ac la s\u00e9ance 400\u20ac Premi\u00e8re visio de 20 minutes offerte ! Nous discutons de votre projet et de l&rsquo;accompagnement le plus adapt\u00e9 \u00e0 vos besoins et possibilit\u00e9s, n&rsquo;h\u00e9sitez pas \u00e0 me contacter ! Je me d\u00e9place \u00e0 votre domicile dans un p\u00e9rim\u00e8tre de 45km autour de Provins (Seine-et-Marne 77, Aube 10, Marne 51, Yonne 89).Des accompagnements \u00e0 distance sont possibles ! https:\/\/www.youtube.com\/watch?v=2prSLdyMW-c Pour aller plus loin, un reportage de La Maison des Maternelles sur une conseill\u00e8re en p\u00e9rinatalit\u00e9 (doula) !<\/p>\n","protected":false},"author":1,"featured_media":0,"parent":0,"menu_order":0,"comment_status":"closed","ping_status":"closed","template":"","meta":{"footnotes":""},"class_list":["post-8","page","type-page","status-publish","hentry"],"_links":{"self":[{"href":"https:\/\/aureliadoula.fr\/index.php\/wp-json\/wp\/v2\/pages\/8","targetHints":{"allow":["GET"]}}],"collection":[{"href":"https:\/\/aureliadoula.fr\/index.php\/wp-json\/wp\/v2\/pages"}],"about":[{"href":"https:\/\/aureliadoula.fr\/index.php\/wp-json\/wp\/v2\/types\/page"}],"author":[{"embeddable":true,"href":"https:\/\/aureliadoula.fr\/index.php\/wp-json\/wp\/v2\/users\/1"}],"replies":[{"embeddable":true,"href":"https:\/\/aureliadoula.fr\/index.php\/wp-json\/wp\/v2\/comments?post=8"}],"version-history":[{"count":111,"href":"https:\/\/aureliadoula.fr\/index.php\/wp-json\/wp\/v2\/pages\/8\/revisions"}],"predecessor-version":[{"id":1512,"href":"https:\/\/aureliadoula.fr\/index.php\/wp-json\/wp\/v2\/pages\/8\/revisions\/1512"}],"wp:attachment":[{"href":"https:\/\/aureliadoula.fr\/index.php\/wp-json\/wp\/v2\/media?parent=8"}],"curies":[{"name":"wp","href":"https:\/\/api.w.org\/{rel}","templated":true}]}}